{"id":137,"date":"2022-06-27T13:44:00","date_gmt":"2022-06-27T13:44:00","guid":{"rendered":"https:\/\/dietist-eldia.nl\/?page_id=137"},"modified":"2025-07-10T12:26:19","modified_gmt":"2025-07-10T12:26:19","slug":"over-ons","status":"publish","type":"page","link":"https:\/\/dietist-eldia.nl\/index.php\/over-ons\/","title":{"rendered":"Over ons"},"content":{"rendered":"<p>[et_pb_section fb_built=&#8221;1&#8243; custom_padding_last_edited=&#8221;on|tablet&#8221; next_background_color=&#8221;#ffffff&#8221; admin_label=&#8221;Hero&#8221; _builder_version=&#8221;4.16&#8243; _module_preset=&#8221;default&#8221; use_background_color_gradient=&#8221;on&#8221; background_color_gradient_type=&#8221;circular&#8221; background_color_gradient_direction_radial=&#8221;top left&#8221; background_color_gradient_stops=&#8221;rgba(214,218,255,0.7) 50%|rgba(214,218,255,0.3) 100%&#8221; background_color_gradient_start=&#8221;rgba(214,218,255,0.7)&#8221; background_color_gradient_start_position=&#8221;50%&#8221; background_color_gradient_end=&#8221;rgba(214,218,255,0.3)&#8221; background_image=&#8221;https:\/\/dietist-eldia.nl\/wp-content\/uploads\/2022\/06\/therapist-12-1.png&#8221; parallax=&#8221;on&#8221; custom_margin=&#8221;||||false&#8221; custom_padding=&#8221;6vw||4vw||false|false&#8221; custom_padding_tablet=&#8221;||50px|&#8221; custom_padding_phone=&#8221;&#8221; bottom_divider_style=&#8221;curve&#8221; bottom_divider_height=&#8221;2.5vw&#8221; locked=&#8221;off&#8221; global_colors_info=&#8221;{}&#8221;][et_pb_row _builder_version=&#8221;4.16&#8243; _module_preset=&#8221;default&#8221; animation_style=&#8221;fade&#8221; global_colors_info=&#8221;{}&#8221;][et_pb_column type=&#8221;4_4&#8243; _builder_version=&#8221;4.16&#8243; _module_preset=&#8221;default&#8221; custom_padding=&#8221;|||&#8221; global_colors_info=&#8221;{}&#8221; custom_padding__hover=&#8221;|||&#8221;][et_pb_text _builder_version=&#8221;4.17.4&#8243; _module_preset=&#8221;default&#8221; text_font=&#8221;||||||||&#8221; text_font_size=&#8221;18px&#8221; text_line_height=&#8221;2em&#8221; header_font=&#8221;Montserrat|300|||||||&#8221; header_font_size=&#8221;50px&#8221; header_line_height=&#8221;1.4em&#8221; text_orientation=&#8221;center&#8221; max_width=&#8221;700px&#8221; module_alignment=&#8221;center&#8221; header_font_size_tablet=&#8221;40px&#8221; header_font_size_phone=&#8221;32px&#8221; header_font_size_last_edited=&#8221;on|desktop&#8221; global_colors_info=&#8221;{}&#8221;]<\/p>\n<h1><strong>Meer informatie<\/strong><\/h1>\n<p>[\/et_pb_text][\/et_pb_column][\/et_pb_row][et_pb_row _builder_version=&#8221;4.17.4&#8243; _module_preset=&#8221;default&#8221; global_colors_info=&#8221;{}&#8221;][et_pb_column type=&#8221;4_4&#8243; _builder_version=&#8221;4.17.4&#8243; _module_preset=&#8221;default&#8221; global_colors_info=&#8221;{}&#8221;][\/et_pb_column][\/et_pb_row][\/et_pb_section][et_pb_section fb_built=&#8221;1&#8243; custom_padding_last_edited=&#8221;off|desktop&#8221; admin_label=&#8221;Services&#8221; _builder_version=&#8221;4.16&#8243; _module_preset=&#8221;default&#8221; use_background_color_gradient=&#8221;on&#8221; background_color_gradient_type=&#8221;circular&#8221; background_color_gradient_stops=&#8221;rgba(255,255,255,0) 67%|#ffffff 100%&#8221; background_color_gradient_start=&#8221;rgba(255,255,255,0)&#8221; background_color_gradient_start_position=&#8221;67%&#8221; background_color_gradient_end=&#8221;#ffffff&#8221; background_image=&#8221;https:\/\/dietist-eldia.nl\/wp-content\/uploads\/2022\/06\/therapist-06d.png&#8221; parallax=&#8221;on&#8221; custom_padding=&#8221;|||&#8221; custom_padding_tablet=&#8221;40px||40px||true&#8221; global_colors_info=&#8221;{}&#8221;][et_pb_row column_structure=&#8221;1_2,1_2&#8243; _builder_version=&#8221;4.16&#8243; _module_preset=&#8221;default&#8221; global_colors_info=&#8221;{}&#8221;][et_pb_column type=&#8221;1_2&#8243; _builder_version=&#8221;4.16&#8243; _module_preset=&#8221;default&#8221; custom_padding=&#8221;|||&#8221; global_colors_info=&#8221;{}&#8221; custom_padding__hover=&#8221;|||&#8221;][et_pb_text _builder_version=&#8221;4.17.4&#8243; _module_preset=&#8221;default&#8221; text_font=&#8221;||||||||&#8221; text_font_size=&#8221;16px&#8221; text_line_height=&#8221;2em&#8221; header_font=&#8221;||||||||&#8221; header_2_font=&#8221;||||||||&#8221; header_3_font=&#8221;Montserrat||||||||&#8221; header_3_line_height=&#8221;1.4em&#8221; header_5_font=&#8221;||||||||&#8221; header_5_text_color=&#8221;#7f8dff&#8221; header_5_line_height=&#8221;2em&#8221; max_width=&#8221;700px&#8221; header_2_font_size_phone=&#8221;30px&#8221; header_2_font_size_last_edited=&#8221;off|desktop&#8221; locked=&#8221;off&#8221; global_colors_info=&#8221;{}&#8221;]<\/p>\n<h3><strong>Wie zijn wij?<\/strong><\/h3>\n<p>Eldia is een samenwerkingsverband van di\u00ebtisten werkzaam in de eerstelijn in de regio Arnhem. Bij Eldia zijn zowel di\u00ebtisten in een solopraktijk als di\u00ebtisten met grotere praktijken aangesloten. Het netwerk stelt zich ten doel om de leden te positioneren en te profileren als de specialist op gebied van voeding en leefstijl bij alle partijen die bij de (keten) zorg en preventie in de regio Arnhem betrokken zijn. Hierbij wordt geanticipeerd op de ontwikkelingen binnen de gezondheidszorg.<\/p>\n<p>[\/et_pb_text][\/et_pb_column][et_pb_column type=&#8221;1_2&#8243; _builder_version=&#8221;4.16&#8243; _module_preset=&#8221;default&#8221; custom_padding=&#8221;|||&#8221; global_colors_info=&#8221;{}&#8221; custom_padding__hover=&#8221;|||&#8221;][et_pb_image src=&#8221;https:\/\/dietist-eldia.nl\/wp-content\/uploads\/2022\/06\/Eldia-Logo-web.png&#8221; title_text=&#8221;Eldia Logo web&#8221; _builder_version=&#8221;4.17.4&#8243; _module_preset=&#8221;default&#8221; global_colors_info=&#8221;{}&#8221;][\/et_pb_image][\/et_pb_column][\/et_pb_row][\/et_pb_section][et_pb_section fb_built=&#8221;1&#8243; admin_label=&#8221;FAQ&#8221; _builder_version=&#8221;4.16&#8243; _module_preset=&#8221;default&#8221; background_color=&#8221;#616ce1&#8243; custom_padding=&#8221;54px|0px|54px|0px|false|false&#8221; global_colors_info=&#8221;{}&#8221;][et_pb_row _builder_version=&#8221;4.16&#8243; _module_preset=&#8221;default&#8221; locked=&#8221;off&#8221; global_colors_info=&#8221;{}&#8221;][et_pb_column type=&#8221;4_4&#8243; _builder_version=&#8221;4.16&#8243; _module_preset=&#8221;default&#8221; custom_padding=&#8221;|||&#8221; global_colors_info=&#8221;{}&#8221; custom_padding__hover=&#8221;|||&#8221;][et_pb_text _builder_version=&#8221;4.17.4&#8243; _module_preset=&#8221;default&#8221; text_font=&#8221;||||||||&#8221; text_font_size=&#8221;16px&#8221; text_line_height=&#8221;2em&#8221; header_font=&#8221;||||||||&#8221; header_2_font=&#8221;Montserrat|300|||||||&#8221; header_2_font_size=&#8221;40px&#8221; header_2_line_height=&#8221;1.4em&#8221; header_5_font=&#8221;||||||||&#8221; header_5_text_color=&#8221;#7f8dff&#8221; header_5_line_height=&#8221;2em&#8221; text_orientation=&#8221;center&#8221; background_layout=&#8221;dark&#8221; max_width=&#8221;700px&#8221; module_alignment=&#8221;center&#8221; header_2_font_size_tablet=&#8221;&#8221; header_2_font_size_phone=&#8221;30px&#8221; header_2_font_size_last_edited=&#8221;on|phone&#8221; locked=&#8221;off&#8221; global_colors_info=&#8221;{}&#8221;]<\/p>\n<h2><strong>Wat doet Eldia?<\/strong><\/h2>\n<p>[\/et_pb_text][\/et_pb_column][\/et_pb_row][et_pb_row column_structure=&#8221;1_2,1_2&#8243; use_custom_gutter=&#8221;on&#8221; gutter_width=&#8221;4&#8243; _builder_version=&#8221;4.16&#8243; _module_preset=&#8221;default&#8221; global_colors_info=&#8221;{}&#8221;][et_pb_column type=&#8221;1_2&#8243; _builder_version=&#8221;4.16&#8243; _module_preset=&#8221;default&#8221; custom_padding=&#8221;|||&#8221; global_colors_info=&#8221;{}&#8221; custom_padding__hover=&#8221;|||&#8221;][et_pb_text _builder_version=&#8221;4.17.4&#8243; _module_preset=&#8221;default&#8221; text_font=&#8221;||||||||&#8221; text_font_size=&#8221;16px&#8221; text_line_height=&#8221;2em&#8221; header_font=&#8221;||||||||&#8221; header_4_font=&#8221;Montserrat|600|||||||&#8221; header_4_line_height=&#8221;1.4em&#8221; background_layout=&#8221;dark&#8221; max_width=&#8221;700px&#8221; module_alignment=&#8221;center&#8221; locked=&#8221;off&#8221; global_colors_info=&#8221;{}&#8221;]<\/p>\n<p>De vereniging Eldia is een groep van eerstelijns di\u00ebtisten in de regio Arnhem.\u00a0 Eldia bestaat uit ruim 30 leden inclusief een bestuur van drie tot vier personen. Het bestuur onderhandelt jaarlijks met Onze Huisartsen, de huisartsenzorggroep in de regio, over de inhoud en de voorwaarden van het ketenzorgcontract dat wordt afgesloten. Hiernaast wordt er geregeld overlegd met Topicus (ICT dienstverlening van VIPLive) over mogelijke problemen of over welke ontwikkelingen gewenst zijn binnen het softwaresysteem VIPLive.<\/p>\n<p>[\/et_pb_text][\/et_pb_column][et_pb_column type=&#8221;1_2&#8243; _builder_version=&#8221;4.16&#8243; _module_preset=&#8221;default&#8221; custom_padding=&#8221;|||&#8221; global_colors_info=&#8221;{}&#8221; custom_padding__hover=&#8221;|||&#8221;][et_pb_text _builder_version=&#8221;4.17.4&#8243; _module_preset=&#8221;default&#8221; text_font=&#8221;||||||||&#8221; text_font_size=&#8221;16px&#8221; text_line_height=&#8221;2em&#8221; header_font=&#8221;||||||||&#8221; header_4_font=&#8221;Montserrat|600|||||||&#8221; header_4_line_height=&#8221;1.4em&#8221; background_layout=&#8221;dark&#8221; max_width=&#8221;700px&#8221; module_alignment=&#8221;center&#8221; locked=&#8221;off&#8221; global_colors_info=&#8221;{}&#8221;]<\/p>\n<p>Binnen Eldia zijn vier werkgroepen samen gesteld die zich op DM, COPD, CVRM en ouderenzorg richten. Twee tot drie keer per jaar wordt er een algemene ledenvergadering gepland waarbij alle leden aanwezig zijn. Tijdens deze vergadering vertellen het bestuur en de werkgroepen over de ontwikkelingen, overleggen en de vergaderingen die zij hebben gevoerd zodat iedereen weer up to date is. Hiernaast worden tijdens de ledenvergaderingen interessante vraagstellingen voorgelegd waarop iedereen mag reageren.<\/p>\n<p>[\/et_pb_text][\/et_pb_column][\/et_pb_row][\/et_pb_section]<\/p>\n","protected":false},"excerpt":{"rendered":"<p>Meer informatieWie zijn wij? Eldia is een samenwerkingsverband van di\u00ebtisten werkzaam in de eerstelijn in de regio Arnhem. Bij Eldia zijn zowel di\u00ebtisten in een solopraktijk als di\u00ebtisten met grotere praktijken aangesloten. Het netwerk stelt zich ten doel om de leden te positioneren en te profileren als de specialist op gebied van voeding en leefstijl [&hellip;]<\/p>\n","protected":false},"author":2,"featured_media":0,"parent":0,"menu_order":0,"comment_status":"closed","ping_status":"closed","template":"","meta":{"_et_pb_use_builder":"on","_et_pb_old_content":"<!-- wp:divi\/placeholder \/-->","_et_gb_content_width":"","footnotes":""},"class_list":["post-137","page","type-page","status-publish","hentry"],"jetpack_sharing_enabled":true,"_links":{"self":[{"href":"https:\/\/dietist-eldia.nl\/index.php\/wp-json\/wp\/v2\/pages\/137","targetHints":{"allow":["GET"]}}],"collection":[{"href":"https:\/\/dietist-eldia.nl\/index.php\/wp-json\/wp\/v2\/pages"}],"about":[{"href":"https:\/\/dietist-eldia.nl\/index.php\/wp-json\/wp\/v2\/types\/page"}],"author":[{"embeddable":true,"href":"https:\/\/dietist-eldia.nl\/index.php\/wp-json\/wp\/v2\/users\/2"}],"replies":[{"embeddable":true,"href":"https:\/\/dietist-eldia.nl\/index.php\/wp-json\/wp\/v2\/comments?post=137"}],"version-history":[{"count":2,"href":"https:\/\/dietist-eldia.nl\/index.php\/wp-json\/wp\/v2\/pages\/137\/revisions"}],"predecessor-version":[{"id":343,"href":"https:\/\/dietist-eldia.nl\/index.php\/wp-json\/wp\/v2\/pages\/137\/revisions\/343"}],"wp:attachment":[{"href":"https:\/\/dietist-eldia.nl\/index.php\/wp-json\/wp\/v2\/media?parent=137"}],"curies":[{"name":"wp","href":"https:\/\/api.w.org\/{rel}","templated":true}]}}